{"id":34,"date":"2013-10-20T12:50:57","date_gmt":"2013-10-20T12:50:57","guid":{"rendered":"http:\/\/juancarloscampos.net\/?page_id=34"},"modified":"2021-05-10T17:48:48","modified_gmt":"2021-05-10T17:48:48","slug":"sobre-mi","status":"publish","type":"page","link":"https:\/\/juancarloscampos.net\/?page_id=34","title":{"rendered":"Sobre Mi"},"content":{"rendered":"<p><script><span style=\"display: inline-block; width: 0px; overflow: hidden; line-height: 0;\" data-mce-type=\"bookmark\" class=\"mce_SELRES_start\">\ufeff<\/span>\/\/ <![CDATA[ (function(i,s,o,g,r,a,m){i['GoogleAnalyticsObject']=r;i[r]=i[r]||function(){ (i[r].q=i[r].q||[]).push(arguments)},i[r].l=1*new Date();a=s.createElement(o), m=s.getElementsByTagName(o)[0];a.async=1;a.src=g;m.parentNode.insertBefore(a,m) })(window,document,'script','\/\/www.google-analytics.com\/analytics.js','ga'); ga('create', 'UA-45189309-1', 'juancarloscampos.net'); ga('send', 'pageview'); \/\/ ]]><\/script><\/p>\n<p class=\"hide-if-no-js\"><a href=\"http:\/\/juancarloscampos.net\/wp-content\/uploads\/2013\/10\/cab2.jpg\" rel=\"attachment wp-att-590\"><img loading=\"lazy\" decoding=\"async\" class=\"alignnone size-full wp-image-590\" src=\"http:\/\/juancarloscampos.net\/wp-content\/uploads\/2013\/10\/cab2.jpg\" alt=\"cab2\" width=\"980\" height=\"220\" srcset=\"https:\/\/juancarloscampos.net\/wp-content\/uploads\/2013\/10\/cab2.jpg 980w, https:\/\/juancarloscampos.net\/wp-content\/uploads\/2013\/10\/cab2-300x67.jpg 300w\" sizes=\"auto, (max-width: 980px) 100vw, 980px\" \/><\/a><\/p>\n<p style=\"font-family: 'Trebuchet MS',Arial,Helvetica,sans-serif; font-size: 14px; text-align: left;\">Economista Colegiado n\u00ba 3429 (Alicante). M\u00e1ster en Marketing Digital y Direcci\u00f3n de Redes Sociales en la Empresa (Universidad de Alicante 2014). M\u00e1ster Universitario en Formaci\u00f3n del Profesorado de Educaci\u00f3n Secundaria Obligatoria, Bachillerato, Formaci\u00f3n Profesional. (Universidad de Valencia). Licenciado en Investigaci\u00f3n y T\u00e9cnicas de Mercado (Universidad Miguel Hernandez de Elche 2013). Licenciado en Sociolog\u00eda, Marketing y Publicidad (Universidad de Alicante 1999).<\/p>\n<blockquote>\n<p style=\"font-family: 'Trebuchet MS',Arial,Helvetica,sans-serif; font-size: 14px; text-align: left;\">Apasionado del Marketing offline y Marketing online, he combinado siempre ambas disciplinas. Mi experiencia profesional ha estado relacionada con distintos sectores: Consultor\u00eda, Ense\u00f1anza Superior,Administraci\u00f3n P\u00fablica, Calzado, Suministros industriales, Construcci\u00f3n, etc.<br \/>\nHe realizado tareas en los \u00e1mbitos de GESTI\u00d3N EMPRESARIAL, MARKETING, INVESTIGACI\u00d3N DE MERCADOS Y PUBLICIDAD.<br \/>\nEspecializ\u00e1ndome en los \u00faltimos a\u00f1os en TRANSFORMACI\u00d3N DIGITAL DE LAS EMPRESAS, REDES SOCIALES, MARKETING DIGITAL, PUBLICIDAD ONLINE, INVESTIGACI\u00d3N DE MERCADOS INTERNACIONALES, y ECOMMERCE.<\/p>\n<p style=\"font-family: 'Trebuchet MS',Arial,Helvetica,sans-serif; font-size: 14px; text-align: left;\">He publicado el libro : <a href=\"https:\/\/www.amazon.es\/STARTUP-E-COMMERCE-estrategias-comercio-electr%C3%B3nico-ebook\/dp\/B06XDD6TT4\/ref=sr_1_2?ie=UTF8&amp;qid=1488556162&amp;sr=8-2&amp;keywords=startup+e-commerce\" target=\"_blank\" rel=\"noopener noreferrer\">\u00abStartup e-commerce\u00bb <\/a>(Marzo,2017)<\/p>\n<p style=\"font-family: 'Trebuchet MS',Arial,Helvetica,sans-serif; font-size: 14px; text-align: left;\">XII Premio Periodismo Econ\u00f3mico 2015.<a href=\"https:\/\/www.diarioinformacion.com\/opinion\/2015\/08\/07\/preparada-economia-alicantina-revolucion-usuarios\/1663453.html\"> Ilustre Colegio de Economistas Alicante\u00a0<\/a>(Enero,2016)<\/p>\n<p style=\"font-family: 'Trebuchet MS',Arial,Helvetica,sans-serif; font-size: 14px; text-align: left;\">He publicado el libro : <a href=\"http:\/\/www.casadellibro.com\/ebook-por-que-te-gustan-las-redes-sociales-ebook\/9788416508037\/2607918\" target=\"_blank\" rel=\"noopener noreferrer\">\u00ab\u00bfPor qu\u00e9 te gustan las Redes Sociales?\u00bb <\/a>(Septiembre,2015)<\/p>\n<p style=\"font-family: 'Trebuchet MS',Arial,Helvetica,sans-serif; font-size: 14px; text-align: left;\">He publicado: <a href=\"http:\/\/www.amazon.es\/dp\/B00O781EUQ\" target=\"_blank\" rel=\"noopener noreferrer\">\u00ab100 Estrategias para actualizar tu empresa\u00bb <\/a>(Octubre,2014)<\/p>\n<p style=\"font-family: 'Trebuchet MS',Arial,Helvetica,sans-serif; font-size: 14px; text-align: left;\">Finalista 6\u00ba Premios Web laverdad.es <a href=\"http:\/\/bit.ly\/11fs5ru\" target=\"_blank\" rel=\"noopener noreferrer\">\u00abMejor Web 2014\u00bb<\/a> <strong><em><a title=\"juancarloscampos.net\" href=\"http:\/\/youtu.be\/e0DI4JFvvUY\" target=\"_blank\" rel=\"noopener noreferrer\">Ver video presentaci\u00f3n<\/a><\/em><\/strong> (Noviembre,2014)<\/p>\n<\/blockquote>\n<p style=\"font-family: 'Trebuchet MS', Arial, Helvetica, sans-serif; font-size: 14px; text-align: justify;\">Experiencia Docente:<\/p>\n<blockquote>\n<p style=\"font-family: 'Trebuchet MS', Arial, Helvetica, sans-serif; font-size: 14px; text-align: justify;\">\u2022 Marketing y Comunicaci\u00f3n \u2022 Actividades de Venta \u2022 Gesti\u00f3n Administrativa \u2022 Log\u00edstica \u2022 Gesti\u00f3n de Almac\u00e9n \u2022 Lean \u2022 Community Manager \u2022 Comercio Electr\u00f3nico \u2022 Contabilidad \u2022 Gesti\u00f3n de personal \u2022 Formaci\u00f3n para el empleo \u2022 Creaci\u00f3n de empresas \u2022 Igualdad de g\u00e9nero \u2022 Ofim\u00e1tica \u2022 Excel \u2022 Access \u2022 WordPress<\/p>\n<\/blockquote>\n<p style=\"font-family: 'Trebuchet MS', Arial, Helvetica, sans-serif; font-size: 14px; text-align: justify;\">Mis competencia en Gesti\u00f3n Empresarial:<\/p>\n<blockquote>\n<p style=\"font-family: 'Trebuchet MS', Arial, Helvetica, sans-serif; font-size: 14px; text-align: justify;\">\u2022 Financiaci\u00f3n de empresas \u2022 Auditor\u00eda \u2022 CRM \u2022 ERP \u2022 Facturaci\u00f3n \u2022 Contabilidad \u2022 Log\u00edstica \u2022 Gesti\u00f3n Fiscal<\/p>\n<\/blockquote>\n<p style=\"font-family: 'Trebuchet MS', Arial, Helvetica, sans-serif; font-size: 14px; text-align: justify;\">Mis Habilidades dentro del Marketing digital se centran en:<\/p>\n<blockquote>\n<p style=\"font-family: 'Trebuchet MS', Arial, Helvetica, sans-serif; font-size: 14px; text-align: justify;\">Community Manager \u2022 Estrateg\u00eda de Marketing Digital \u2022 Social Media Marketing\u00a0 \u2022 E-Commerce \u2022 Publicidad online \u2022 SEO \u2022 Anal\u00edtica web\u00a0 \u2022 Usabilidad \u2022 Coordinaci\u00f3n y seguimiento de proyectos y campa\u00f1as \u2022 Estrategia de Contenidos\u00a0\u2022 Gesti\u00f3n de presupuestos \u2022\u00a0 Email Marketing \u2022\u00a0 Dise\u00f1o web \u2022\u00a0 WordPress \u2022\u00a0 Photoshop \u2022\u00a0 Illustrator<\/p>\n<\/blockquote>\n<p><span style=\"border-radius: 2px; text-indent: 20px; width: auto; padding: 0px 4px 0px 0px; text-align: center; font: bold 11px\/20px 'Helvetica Neue',Helvetica,sans-serif; color: #ffffff; background: #bd081c no-repeat scroll 3px 50% \/ 14px 14px; position: absolute; opacity: 1; z-index: 8675309; display: none; cursor: pointer;\">Guardar<\/span><\/p>\n","protected":false},"excerpt":{"rendered":"<p>Economista Colegiado n\u00ba 3429 (Alicante). M\u00e1ster en Marketing Digital y Direcci\u00f3n de Redes Sociales en la Empresa (Universidad de Alicante 2014). M\u00e1ster Universitario en Formaci\u00f3n del Profesorado de Educaci\u00f3n Secundaria Obligatoria, Bachillerato, Formaci\u00f3n Profesional. (Universidad de Valencia). Licenciado en Investigaci\u00f3n &hellip; <a href=\"https:\/\/juancarloscampos.net\/?page_id=34\">Continuar<\/a><\/p>\n","protected":false},"author":1,"featured_media":0,"parent":0,"menu_order":0,"comment_status":"open","ping_status":"closed","template":"","meta":{"kt_blocks_editor_width":"","footnotes":""},"class_list":["post-34","page","type-page","status-publish","hentry"],"_links":{"self":[{"href":"https:\/\/juancarloscampos.net\/index.php?rest_route=\/wp\/v2\/pages\/34","targetHints":{"allow":["GET"]}}],"collection":[{"href":"https:\/\/juancarloscampos.net\/index.php?rest_route=\/wp\/v2\/pages"}],"about":[{"href":"https:\/\/juancarloscampos.net\/index.php?rest_route=\/wp\/v2\/types\/page"}],"author":[{"embeddable":true,"href":"https:\/\/juancarloscampos.net\/index.php?rest_route=\/wp\/v2\/users\/1"}],"replies":[{"embeddable":true,"href":"https:\/\/juancarloscampos.net\/index.php?rest_route=%2Fwp%2Fv2%2Fcomments&post=34"}],"version-history":[{"count":85,"href":"https:\/\/juancarloscampos.net\/index.php?rest_route=\/wp\/v2\/pages\/34\/revisions"}],"predecessor-version":[{"id":1496,"href":"https:\/\/juancarloscampos.net\/index.php?rest_route=\/wp\/v2\/pages\/34\/revisions\/1496"}],"wp:attachment":[{"href":"https:\/\/juancarloscampos.net\/index.php?rest_route=%2Fwp%2Fv2%2Fmedia&parent=34"}],"curies":[{"name":"wp","href":"https:\/\/api.w.org\/{rel}","templated":true}]}}